{"id":155,"date":"2023-07-31T12:50:38","date_gmt":"2023-07-31T12:50:38","guid":{"rendered":"https:\/\/fabrik.vamtam.com\/?page_id=155"},"modified":"2025-11-24T18:43:10","modified_gmt":"2025-11-24T18:43:10","slug":"galeri","status":"publish","type":"page","link":"https:\/\/corlucamci.com\/index.php\/galeri\/","title":{"rendered":"Galeri"},"content":{"rendered":"\t\t<div data-elementor-type=\"wp-page\" data-elementor-id=\"155\" class=\"elementor elementor-155\" data-elementor-post-type=\"page\">\n\t\t\t\t\t\t<section class=\"elementor-section elementor-top-section elementor-element elementor-element-eabb943 elementor-section-height-min-height elementor-section-items-stretch elementor-section-full_width elementor-section-height-default\" data-id=\"eabb943\" data-element_type=\"section\" data-settings=\"{&quot;background_motion_fx_scale_effect&quot;:&quot;yes&quot;,&quot;background_motion_fx_scale_speed&quot;:{&quot;unit&quot;:&quot;px&quot;,&quot;size&quot;:2,&quot;sizes&quot;:[]},&quot;background_motion_fx_scale_range&quot;:{&quot;unit&quot;:&quot;%&quot;,&quot;size&quot;:&quot;&quot;,&quot;sizes&quot;:{&quot;start&quot;:31,&quot;end&quot;:100}},&quot;background_motion_fx_devices&quot;:[&quot;desktop&quot;],&quot;background_motion_fx_scale_direction&quot;:&quot;out-in&quot;}\">\n\t\t\t\t\t\t<div class=\"elementor-container elementor-column-gap-no\">\n\t\t\t\t\t<div class=\"elementor-column elementor-col-100 elementor-top-column elementor-element elementor-element-55e0801\" data-id=\"55e0801\" data-element_type=\"column\" data-settings=\"{&quot;background_motion_fx_devices&quot;:[&quot;desktop&quot;]}\">\n\t\t\t<div class=\"elementor-widget-wrap elementor-element-populated\">\n\t\t\t\t\t\t<section class=\"elementor-section elementor-inner-section elementor-element elementor-element-fc172e8 elementor-section-boxed elementor-section-height-default elementor-section-height-default\" data-id=\"fc172e8\" data-element_type=\"section\" data-settings=\"{&quot;background_background&quot;:&quot;gradient&quot;}\">\n\t\t\t\t\t\t<div class=\"elementor-container elementor-column-gap-no\">\n\t\t\t\t\t<div class=\"elementor-column elementor-col-66 elementor-inner-column elementor-element elementor-element-05161b5\" data-id=\"05161b5\" data-element_type=\"column\">\n\t\t\t<div class=\"elementor-widget-wrap elementor-element-populated\">\n\t\t\t\t\t\t<div class=\"elementor-element elementor-element-3dd8998 e-transform elementor-absolute elementor-hidden-mobile elementor-widget-divider--view-line elementor-widget elementor-widget-divider\" data-id=\"3dd8998\" data-element_type=\"widget\" data-settings=\"{&quot;_transform_rotateZ_effect&quot;:{&quot;unit&quot;:&quot;px&quot;,&quot;size&quot;:90,&quot;sizes&quot;:[]},&quot;_position&quot;:&quot;absolute&quot;,&quot;_transform_rotateZ_effect_tablet&quot;:{&quot;unit&quot;:&quot;deg&quot;,&quot;size&quot;:&quot;&quot;,&quot;sizes&quot;:[]},&quot;_transform_rotateZ_effect_mobile&quot;:{&quot;unit&quot;:&quot;deg&quot;,&quot;size&quot;:&quot;&quot;,&quot;sizes&quot;:[]}}\" data-widget_type=\"divider.default\">\n\t\t\t\t\t\t\t<div class=\"elementor-divider\">\n\t\t\t<span class=\"elementor-divider-separator\">\n\t\t\t\t\t\t<\/span>\n\t\t<\/div>\n\t\t\t\t\t\t<\/div>\n\t\t\t\t<div class=\"elementor-element elementor-element-1ddfd24 elementor-widget elementor-widget-spacer\" data-id=\"1ddfd24\" data-element_type=\"widget\" data-widget_type=\"spacer.default\">\n\t\t\t\t\t\t\t<div class=\"elementor-spacer\">\n\t\t\t<div class=\"elementor-spacer-inner\"><\/div>\n\t\t<\/div>\n\t\t\t\t\t\t<\/div>\n\t\t\t\t<div class=\"elementor-element elementor-element-1cd40c7 animated-fast elementor-icon-list--layout-traditional elementor-list-item-link-full_width elementor-invisible elementor-widget elementor-widget-icon-list\" data-id=\"1cd40c7\" data-element_type=\"widget\" data-settings=\"{&quot;_animation&quot;:&quot;fadeInDown&quot;,&quot;_animation_delay&quot;:400,&quot;_animation_tablet&quot;:&quot;none&quot;}\" data-widget_type=\"icon-list.default\">\n\t\t\t\t\t\t\t<ul class=\"elementor-icon-list-items\">\n\t\t\t\t\t\t\t<li class=\"elementor-icon-list-item\">\n\t\t\t\t\t\t\t\t\t\t\t<span class=\"elementor-icon-list-icon\">\n\t\t\t\t\t\t\t<i aria-hidden=\"true\" class=\"vamtamtheme- vamtam-theme-Line\"><\/i>\t\t\t\t\t\t<\/span>\n\t\t\t\t\t\t\t\t\t\t<span class=\"elementor-icon-list-text\">Galeri<\/span>\n\t\t\t\t\t\t\t\t\t<\/li>\n\t\t\t\t\t\t<\/ul>\n\t\t\t\t\t\t<\/div>\n\t\t\t\t<div class=\"elementor-element elementor-element-13b0282 elementor-widget__width-inherit elementor-invisible elementor-widget elementor-widget-heading\" data-id=\"13b0282\" data-element_type=\"widget\" data-settings=\"{&quot;_animation&quot;:&quot;fadeIn&quot;,&quot;_animation_tablet&quot;:&quot;none&quot;,&quot;_animation_delay&quot;:300}\" data-widget_type=\"heading.default\">\n\t\t\t\t\t<h1 class=\"elementor-heading-title elementor-size-default\">g\u00fcncel galeri, g\u00fcncel i\u00e7erik<\/h1>\t\t\t\t<\/div>\n\t\t\t\t<div class=\"elementor-element elementor-element-a8d0bd4 elementor-hidden-mobile elementor-widget elementor-widget-spacer\" data-id=\"a8d0bd4\" data-element_type=\"widget\" data-widget_type=\"spacer.default\">\n\t\t\t\t\t\t\t<div class=\"elementor-spacer\">\n\t\t\t<div class=\"elementor-spacer-inner\"><\/div>\n\t\t<\/div>\n\t\t\t\t\t\t<\/div>\n\t\t\t\t\t<\/div>\n\t\t<\/div>\n\t\t\t\t<div class=\"elementor-column elementor-col-33 elementor-inner-column elementor-element elementor-element-06d7cb7 elementor-hidden-mobile\" data-id=\"06d7cb7\" data-element_type=\"column\">\n\t\t\t<div class=\"elementor-widget-wrap elementor-element-populated\">\n\t\t\t\t\t\t<div class=\"elementor-element elementor-element-d1d808f elementor-widget elementor-widget-spacer\" data-id=\"d1d808f\" data-element_type=\"widget\" data-widget_type=\"spacer.default\">\n\t\t\t\t\t\t\t<div class=\"elementor-spacer\">\n\t\t\t<div class=\"elementor-spacer-inner\"><\/div>\n\t\t<\/div>\n\t\t\t\t\t\t<\/div>\n\t\t\t\t\t<\/div>\n\t\t<\/div>\n\t\t\t\t\t<\/div>\n\t\t<\/section>\n\t\t\t\t\t<\/div>\n\t\t<\/div>\n\t\t\t\t\t<\/div>\n\t\t<\/section>\n\t\t\t\t<section class=\"elementor-section elementor-top-section elementor-element elementor-element-59677b3 elementor-section-boxed elementor-section-height-default elementor-section-height-default\" data-id=\"59677b3\" data-element_type=\"section\" data-settings=\"{&quot;background_background&quot;:&quot;classic&quot;}\">\n\t\t\t\t\t\t<div class=\"elementor-container elementor-column-gap-no\">\n\t\t\t\t\t<div class=\"elementor-column elementor-col-100 elementor-top-column elementor-element elementor-element-a32df31\" data-id=\"a32df31\" data-element_type=\"column\">\n\t\t\t<div class=\"elementor-widget-wrap elementor-element-populated\">\n\t\t\t\t\t\t<div class=\"elementor-element elementor-element-87e3fa2 elementor-widget__width-inherit elementor-invisible elementor-widget elementor-widget-heading\" data-id=\"87e3fa2\" data-element_type=\"widget\" data-settings=\"{&quot;_animation&quot;:&quot;fadeIn&quot;,&quot;_animation_tablet&quot;:&quot;none&quot;,&quot;_animation_delay&quot;:300}\" data-widget_type=\"heading.default\">\n\t\t\t\t\t<h5 class=\"elementor-heading-title elementor-size-default\">Foto\u011fraf Galerisi<\/h5>\t\t\t\t<\/div>\n\t\t\t\t<div class=\"elementor-element elementor-element-dea0587 elementor-pagination-position-outside elementor-widget elementor-widget-image-carousel\" data-id=\"dea0587\" data-element_type=\"widget\" data-settings=\"{&quot;slides_to_show&quot;:&quot;3&quot;,&quot;navigation&quot;:&quot;dots&quot;,&quot;autoplay&quot;:&quot;no&quot;,&quot;image_spacing_custom&quot;:{&quot;unit&quot;:&quot;px&quot;,&quot;size&quot;:30,&quot;sizes&quot;:[]},&quot;image_spacing_custom_tablet&quot;:{&quot;unit&quot;:&quot;px&quot;,&quot;size&quot;:20,&quot;sizes&quot;:[]},&quot;slides_to_show_mobile&quot;:&quot;2&quot;,&quot;image_spacing_custom_mobile&quot;:{&quot;unit&quot;:&quot;px&quot;,&quot;size&quot;:10,&quot;sizes&quot;:[]},&quot;infinite&quot;:&quot;yes&quot;,&quot;speed&quot;:500}\" data-widget_type=\"image-carousel.default\">\n\t\t\t\t\t\t\t<div class=\"elementor-image-carousel-wrapper swiper\" role=\"region\" aria-roledescription=\"carousel\" aria-label=\"Resim D\u00f6ng\u00fcs\u00fc\" dir=\"ltr\">\n\t\t\t<div class=\"elementor-image-carousel swiper-wrapper swiper-image-stretch\" aria-live=\"polite\">\n\t\t\t\t\t\t\t\t<div class=\"swiper-slide\" role=\"group\" aria-roledescription=\"slide\" aria-label=\"1 \/ 3\"><figure class=\"swiper-slide-inner\"><img decoding=\"async\" class=\"swiper-slide-image lazyload\" src=\"data:image\/gif;base64,R0lGODlhAQABAIAAAAAAAP\/\/\/yH5BAEAAAAALAAAAAABAAEAAAIBRAA7\" data-src=\"https:\/\/corlucamci.com\/wp-content\/uploads\/2025\/11\/economic-steel-door-models.png\" alt=\"economic-steel-door-models\" \/><noscript><img decoding=\"async\" class=\"swiper-slide-image lazyload\" src=\"https:\/\/corlucamci.com\/wp-content\/uploads\/2025\/11\/economic-steel-door-models.png\" alt=\"economic-steel-door-models\" \/><\/noscript><\/figure><\/div><div class=\"swiper-slide\" role=\"group\" aria-roledescription=\"slide\" aria-label=\"2 \/ 3\"><figure class=\"swiper-slide-inner\"><img decoding=\"async\" class=\"swiper-slide-image lazyload\" src=\"data:image\/gif;base64,R0lGODlhAQABAIAAAAAAAP\/\/\/yH5BAEAAAAALAAAAAABAAEAAAIBRAA7\" data-src=\"https:\/\/corlucamci.com\/wp-content\/uploads\/2025\/11\/cambalkon-1-1229x1536.webp\" alt=\"cambalkon\" \/><noscript><img decoding=\"async\" class=\"swiper-slide-image lazyload\" src=\"https:\/\/corlucamci.com\/wp-content\/uploads\/2025\/11\/cambalkon-1-1229x1536.webp\" alt=\"cambalkon\" \/><\/noscript><\/figure><\/div><div class=\"swiper-slide\" role=\"group\" aria-roledescription=\"slide\" aria-label=\"3 \/ 3\"><figure class=\"swiper-slide-inner\"><img decoding=\"async\" class=\"swiper-slide-image lazyload\" src=\"data:image\/gif;base64,R0lGODlhAQABAIAAAAAAAP\/\/\/yH5BAEAAAAALAAAAAABAAEAAAIBRAA7\" data-src=\"https:\/\/corlucamci.com\/wp-content\/uploads\/2025\/11\/gorsel.png\" alt=\"g\u00f6rsel\" \/><noscript><img decoding=\"async\" class=\"swiper-slide-image lazyload\" src=\"https:\/\/corlucamci.com\/wp-content\/uploads\/2025\/11\/gorsel.png\" alt=\"g\u00f6rsel\" \/><\/noscript><\/figure><\/div>\t\t\t<\/div>\n\t\t\t\t\t\t\t\n\t\t\t\t\t\t\t\t\t<div class=\"swiper-pagination\"><\/div>\n\t\t\t\t\t\t\t\t\t<\/div>\n\t\t\t\t\t\t<\/div>\n\t\t\t\t\t<\/div>\n\t\t<\/div>\n\t\t\t\t\t<\/div>\n\t\t<\/section>\n\t\t\t\t<\/div>\n\t\t","protected":false},"excerpt":{"rendered":"<p>Steel Insights: A Visual Journey<\/p>\n","protected":false},"author":1,"featured_media":0,"parent":0,"menu_order":0,"comment_status":"closed","ping_status":"closed","template":"","meta":{"footnotes":""},"class_list":["post-155","page","type-page","status-publish","hentry"],"yoast_head":"<!-- This site is optimized with the Yoast SEO plugin v26.3 - https:\/\/yoast.com\/wordpress\/plugins\/seo\/ -->\n<title>Galeri - BeysarCam<\/title>\n<meta name=\"robots\" content=\"index, follow, max-snippet:-1, max-image-preview:large, max-video-preview:-1\" \/>\n<link rel=\"canonical\" href=\"https:\/\/corlucamci.com\/index.php\/galeri\/\" \/>\n<meta property=\"og:locale\" content=\"tr_TR\" \/>\n<meta property=\"og:type\" content=\"article\" \/>\n<meta property=\"og:title\" content=\"Galeri - BeysarCam\" \/>\n<meta property=\"og:description\" content=\"Steel Insights: A Visual Journey\" \/>\n<meta property=\"og:url\" content=\"https:\/\/corlucamci.com\/index.php\/galeri\/\" \/>\n<meta property=\"og:site_name\" content=\"BeysarCam\" \/>\n<meta property=\"article:modified_time\" content=\"2025-11-24T18:43:10+00:00\" \/>\n<meta property=\"og:image\" content=\"https:\/\/corlucamci.com\/wp-content\/uploads\/2025\/11\/economic-steel-door-models.png\" \/>\n<meta name=\"twitter:card\" content=\"summary_large_image\" \/>\n<meta name=\"twitter:label1\" content=\"Tahmini okuma s\u00fcresi\" \/>\n\t<meta name=\"twitter:data1\" content=\"2 dakika\" \/>\n<script type=\"application\/ld+json\" class=\"yoast-schema-graph\">{\"@context\":\"https:\/\/schema.org\",\"@graph\":[{\"@type\":\"WebPage\",\"@id\":\"https:\/\/corlucamci.com\/index.php\/galeri\/\",\"url\":\"https:\/\/corlucamci.com\/index.php\/galeri\/\",\"name\":\"Galeri - BeysarCam\",\"isPartOf\":{\"@id\":\"https:\/\/corlucamci.com\/#website\"},\"primaryImageOfPage\":{\"@id\":\"https:\/\/corlucamci.com\/index.php\/galeri\/#primaryimage\"},\"image\":{\"@id\":\"https:\/\/corlucamci.com\/index.php\/galeri\/#primaryimage\"},\"thumbnailUrl\":\"https:\/\/corlucamci.com\/wp-content\/uploads\/2025\/11\/economic-steel-door-models.png\",\"datePublished\":\"2023-07-31T12:50:38+00:00\",\"dateModified\":\"2025-11-24T18:43:10+00:00\",\"breadcrumb\":{\"@id\":\"https:\/\/corlucamci.com\/index.php\/galeri\/#breadcrumb\"},\"inLanguage\":\"tr\",\"potentialAction\":[{\"@type\":\"ReadAction\",\"target\":[\"https:\/\/corlucamci.com\/index.php\/galeri\/\"]}]},{\"@type\":\"ImageObject\",\"inLanguage\":\"tr\",\"@id\":\"https:\/\/corlucamci.com\/index.php\/galeri\/#primaryimage\",\"url\":\"https:\/\/corlucamci.com\/wp-content\/uploads\/2025\/11\/economic-steel-door-models.png\",\"contentUrl\":\"https:\/\/corlucamci.com\/wp-content\/uploads\/2025\/11\/economic-steel-door-models.png\",\"width\":1301,\"height\":1119},{\"@type\":\"BreadcrumbList\",\"@id\":\"https:\/\/corlucamci.com\/index.php\/galeri\/#breadcrumb\",\"itemListElement\":[{\"@type\":\"ListItem\",\"position\":1,\"name\":\"Anasayfa\",\"item\":\"https:\/\/corlucamci.com\/\"},{\"@type\":\"ListItem\",\"position\":2,\"name\":\"Galeri\"}]},{\"@type\":\"WebSite\",\"@id\":\"https:\/\/corlucamci.com\/#website\",\"url\":\"https:\/\/corlucamci.com\/\",\"name\":\"BeysarCam\",\"description\":\"\",\"publisher\":{\"@id\":\"https:\/\/corlucamci.com\/#organization\"},\"potentialAction\":[{\"@type\":\"SearchAction\",\"target\":{\"@type\":\"EntryPoint\",\"urlTemplate\":\"https:\/\/corlucamci.com\/?s={search_term_string}\"},\"query-input\":{\"@type\":\"PropertyValueSpecification\",\"valueRequired\":true,\"valueName\":\"search_term_string\"}}],\"inLanguage\":\"tr\"},{\"@type\":\"Organization\",\"@id\":\"https:\/\/corlucamci.com\/#organization\",\"name\":\"BeysarCam\",\"url\":\"https:\/\/corlucamci.com\/\",\"logo\":{\"@type\":\"ImageObject\",\"inLanguage\":\"tr\",\"@id\":\"https:\/\/corlucamci.com\/#\/schema\/logo\/image\/\",\"url\":\"https:\/\/corlucamci.com\/wp-content\/uploads\/2025\/11\/cropped-beysar-logo-3.png\",\"contentUrl\":\"https:\/\/corlucamci.com\/wp-content\/uploads\/2025\/11\/cropped-beysar-logo-3.png\",\"width\":200,\"height\":32,\"caption\":\"BeysarCam\"},\"image\":{\"@id\":\"https:\/\/corlucamci.com\/#\/schema\/logo\/image\/\"}}]}<\/script>\n<!-- \/ Yoast SEO plugin. -->","yoast_head_json":{"title":"Galeri - BeysarCam","robots":{"index":"index","follow":"follow","max-snippet":"max-snippet:-1","max-image-preview":"max-image-preview:large","max-video-preview":"max-video-preview:-1"},"canonical":"https:\/\/corlucamci.com\/index.php\/galeri\/","og_locale":"tr_TR","og_type":"article","og_title":"Galeri - BeysarCam","og_description":"Steel Insights: A Visual Journey","og_url":"https:\/\/corlucamci.com\/index.php\/galeri\/","og_site_name":"BeysarCam","article_modified_time":"2025-11-24T18:43:10+00:00","og_image":[{"url":"https:\/\/corlucamci.com\/wp-content\/uploads\/2025\/11\/economic-steel-door-models.png","type":"","width":"","height":""}],"twitter_card":"summary_large_image","twitter_misc":{"Tahmini okuma s\u00fcresi":"2 dakika"},"schema":{"@context":"https:\/\/schema.org","@graph":[{"@type":"WebPage","@id":"https:\/\/corlucamci.com\/index.php\/galeri\/","url":"https:\/\/corlucamci.com\/index.php\/galeri\/","name":"Galeri - BeysarCam","isPartOf":{"@id":"https:\/\/corlucamci.com\/#website"},"primaryImageOfPage":{"@id":"https:\/\/corlucamci.com\/index.php\/galeri\/#primaryimage"},"image":{"@id":"https:\/\/corlucamci.com\/index.php\/galeri\/#primaryimage"},"thumbnailUrl":"https:\/\/corlucamci.com\/wp-content\/uploads\/2025\/11\/economic-steel-door-models.png","datePublished":"2023-07-31T12:50:38+00:00","dateModified":"2025-11-24T18:43:10+00:00","breadcrumb":{"@id":"https:\/\/corlucamci.com\/index.php\/galeri\/#breadcrumb"},"inLanguage":"tr","potentialAction":[{"@type":"ReadAction","target":["https:\/\/corlucamci.com\/index.php\/galeri\/"]}]},{"@type":"ImageObject","inLanguage":"tr","@id":"https:\/\/corlucamci.com\/index.php\/galeri\/#primaryimage","url":"https:\/\/corlucamci.com\/wp-content\/uploads\/2025\/11\/economic-steel-door-models.png","contentUrl":"https:\/\/corlucamci.com\/wp-content\/uploads\/2025\/11\/economic-steel-door-models.png","width":1301,"height":1119},{"@type":"BreadcrumbList","@id":"https:\/\/corlucamci.com\/index.php\/galeri\/#breadcrumb","itemListElement":[{"@type":"ListItem","position":1,"name":"Anasayfa","item":"https:\/\/corlucamci.com\/"},{"@type":"ListItem","position":2,"name":"Galeri"}]},{"@type":"WebSite","@id":"https:\/\/corlucamci.com\/#website","url":"https:\/\/corlucamci.com\/","name":"BeysarCam","description":"","publisher":{"@id":"https:\/\/corlucamci.com\/#organization"},"potentialAction":[{"@type":"SearchAction","target":{"@type":"EntryPoint","urlTemplate":"https:\/\/corlucamci.com\/?s={search_term_string}"},"query-input":{"@type":"PropertyValueSpecification","valueRequired":true,"valueName":"search_term_string"}}],"inLanguage":"tr"},{"@type":"Organization","@id":"https:\/\/corlucamci.com\/#organization","name":"BeysarCam","url":"https:\/\/corlucamci.com\/","logo":{"@type":"ImageObject","inLanguage":"tr","@id":"https:\/\/corlucamci.com\/#\/schema\/logo\/image\/","url":"https:\/\/corlucamci.com\/wp-content\/uploads\/2025\/11\/cropped-beysar-logo-3.png","contentUrl":"https:\/\/corlucamci.com\/wp-content\/uploads\/2025\/11\/cropped-beysar-logo-3.png","width":200,"height":32,"caption":"BeysarCam"},"image":{"@id":"https:\/\/corlucamci.com\/#\/schema\/logo\/image\/"}}]}},"_links":{"self":[{"href":"https:\/\/corlucamci.com\/index.php\/wp-json\/wp\/v2\/pages\/155","targetHints":{"allow":["GET"]}}],"collection":[{"href":"https:\/\/corlucamci.com\/index.php\/wp-json\/wp\/v2\/pages"}],"about":[{"href":"https:\/\/corlucamci.com\/index.php\/wp-json\/wp\/v2\/types\/page"}],"author":[{"embeddable":true,"href":"https:\/\/corlucamci.com\/index.php\/wp-json\/wp\/v2\/users\/1"}],"replies":[{"embeddable":true,"href":"https:\/\/corlucamci.com\/index.php\/wp-json\/wp\/v2\/comments?post=155"}],"version-history":[{"count":8,"href":"https:\/\/corlucamci.com\/index.php\/wp-json\/wp\/v2\/pages\/155\/revisions"}],"predecessor-version":[{"id":987989,"href":"https:\/\/corlucamci.com\/index.php\/wp-json\/wp\/v2\/pages\/155\/revisions\/987989"}],"wp:attachment":[{"href":"https:\/\/corlucamci.com\/index.php\/wp-json\/wp\/v2\/media?parent=155"}],"curies":[{"name":"wp","href":"https:\/\/api.w.org\/{rel}","templated":true}]}}